{"id":247,"date":"2025-02-28T07:50:15","date_gmt":"2025-02-28T07:50:15","guid":{"rendered":"https:\/\/nilyatravel.com\/?page_id=247"},"modified":"2025-05-04T17:43:13","modified_gmt":"2025-05-04T17:43:13","slug":"mentions-legales","status":"publish","type":"page","link":"https:\/\/nilyatravel.com\/en\/mentions-legales\/","title":{"rendered":"Mentions Legales"},"content":{"rendered":"<div data-elementor-type=\"wp-page\" data-elementor-id=\"247\" class=\"elementor elementor-247\" data-elementor-post-type=\"page\">\n\t\t\t\t<div class=\"elementor-element elementor-element-0a7c6f6 e-flex e-con-boxed e-con e-parent\" data-id=\"0a7c6f6\" data-element_type=\"container\" data-e-type=\"container\">\n\t\t\t\t\t<div class=\"e-con-inner\">\n\t\t\t\t<div class=\"elementor-element elementor-element-4b7f67e elementor-widget elementor-widget-heading\" data-id=\"4b7f67e\" data-element_type=\"widget\" data-e-type=\"widget\" data-widget_type=\"heading.default\">\n\t\t\t\t<div class=\"elementor-widget-container\">\n\t\t\t\t\t<h2 class=\"elementor-heading-title elementor-size-default\">Mentions Legales<\/h2>\t\t\t\t<\/div>\n\t\t\t\t<\/div>\n\t\t\t\t<div class=\"elementor-element elementor-element-937011a elementor-widget elementor-widget-text-editor\" data-id=\"937011a\" data-element_type=\"widget\" data-e-type=\"widget\" data-widget_type=\"text-editor.default\">\n\t\t\t\t<div class=\"elementor-widget-container\">\n\t\t\t\t\t\t\t\t\t<header class=\"section_legals-header\"><div class=\"padding-global\"><div class=\"container-small\"><div class=\"padding-section-large\"><div class=\"text-align-center\"><p class=\"text-size-medium\"><strong>Mis \u00e0 jour le : 07\/05\/2024<\/strong><\/p><\/div><\/div><\/div><\/div><\/header><header class=\"section_legals-content\"><div class=\"padding-global\"><div class=\"container-large\"><div class=\"padding-section-large\"><div class=\"max-width-large align-center\"><div class=\"legals-content_content\"><div class=\"text-rich-text w-richtext\"><p>Nilya Travel EI, enregistr\u00e9e en France. Notre num\u00e9ro d&rsquo;immatriculation est SIRET: 91339671900019 et notre num\u00e9ro TVA Intracommunautaire : FR18913396719.<\/p><p>Pour toute question ou pr\u00e9occupation, veuillez nous contacter \u00e0 l&rsquo;adresse e-mail suivante info@nilyatravel.com ou vous pouvez nous joindre par t\u00e9l\u00e9phone au 05 57 80 60 58 pendant nos heures d&rsquo;ouvertures du lundi au vendredi de 9h \u00e0 18h.<\/p><h6><strong>Conditions d&rsquo;utilisation<\/strong><\/h6><p>En utilisant ce site, vous acceptez les conditions d&rsquo;utilisation suivantes :<\/p><ul role=\"list\"><li>Vous acceptez de ne pas utiliser ce site \u00e0 des fins ill\u00e9gales ou interdites.<\/li><li>Vous \u00eates responsable de maintenir la confidentialit\u00e9 de votre compte et de votre mot de passe.<\/li><li>Vous acceptez de ne pas violer les droits de propri\u00e9t\u00e9 intellectuelle de ce site ou de tout tiers.<\/li><li>Nous nous r\u00e9servons le droit de modifier ou de mettre \u00e0 jour ces conditions \u00e0 tout moment.<\/li><\/ul><h6><strong>Politique de confidentialit\u00e9<\/strong><\/h6><p>En utilisant ce site, vous consentez \u00e0 notre politique de confidentialit\u00e9.<\/p><ul role=\"list\"><li>Nous collectons des informations personnelles lorsque vous vous inscrivez sur notre site, passez une commande, vous abonnez \u00e0 notre newsletter, r\u00e9pondez \u00e0 un sondage, remplissez un formulaire ou communiquez avec nous.<\/li><li>Nous utilisons vos informations personnelles pour personnaliser votre exp\u00e9rience utilisateur, traiter vos transactions, administrer un concours, promouvoir des offres promotionnelles, et am\u00e9liorer notre site.<\/li><li>Nous ne vendons, n&rsquo;\u00e9changeons ni ne transf\u00e9rons vos informations personnelles \u00e0 des tiers sans votre consentement.<\/li><\/ul><h6><strong>Propri\u00e9t\u00e9 intellectuelle<\/strong><\/h6><p>Tous les contenus de ce site, y compris mais sans s&rsquo;y limiter, les textes, les graphiques, les logos, les images, les clips audio, les t\u00e9l\u00e9chargements num\u00e9riques, et les compilations de donn\u00e9es, sont la propri\u00e9t\u00e9 de Nilya Travel ou de ses fournisseurs de contenu et sont prot\u00e9g\u00e9s par les lois sur le droit d&rsquo;auteur.<\/p><h6><strong>Droit applicable et juridiction comp\u00e9tente<\/strong><\/h6><p>Les pr\u00e9sentes mentions l\u00e9gales sont r\u00e9gies et interpr\u00e9t\u00e9es conform\u00e9ment aux lois en vigueur et tout litige sera port\u00e9 devant les tribunaux comp\u00e9tents.<\/p><\/div><\/div><\/div><\/div><\/div><\/div><\/header>\t\t\t\t\t\t\t\t<\/div>\n\t\t\t\t<\/div>\n\t\t\t\t\t<\/div>\n\t\t\t\t<\/div>\n\t\t\t\t<\/div>","protected":false},"excerpt":{"rendered":"<p>Mentions Legales Mis \u00e0 jour le : 07\/05\/2024 Nilya Travel EI, enregistr\u00e9e en France. Notre num\u00e9ro d&rsquo;immatriculation est SIRET: 91339671900019 et notre num\u00e9ro TVA Intracommunautaire : FR18913396719. Pour toute question ou pr\u00e9occupation, veuillez nous contacter \u00e0 l&rsquo;adresse e-mail suivante info@nilyatravel.com ou vous pouvez nous joindre par t\u00e9l\u00e9phone au 05 57 80 60 58 pendant nos [&hellip;]<\/p>\n","protected":false},"author":1,"featured_media":0,"parent":0,"menu_order":0,"comment_status":"closed","ping_status":"closed","template":"","meta":{"footnotes":""},"class_list":["post-247","page","type-page","status-publish","hentry"],"yoast_head":"<!-- This site is optimized with the Yoast SEO plugin v27.2 - https:\/\/yoast.com\/product\/yoast-seo-wordpress\/ -->\n<title>Mentions Legales - Nilya Travel<\/title>\n<meta name=\"description\" content=\"Consultez les mentions l\u00e9gales de Nilya Travel. Retrouvez toutes les informations l\u00e9gales concernant notre plateforme d\u00e9di\u00e9e aux h\u00e9bergements et activit\u00e9s pour digital nomads en France.\" \/>\n<meta name=\"robots\" content=\"index, follow, max-snippet:-1, max-image-preview:large, max-video-preview:-1\" \/>\n<link rel=\"canonical\" href=\"https:\/\/nilyatravel.com\/en\/mentions-legales\/\" \/>\n<meta property=\"og:locale\" content=\"en_US\" \/>\n<meta property=\"og:type\" content=\"article\" \/>\n<meta property=\"og:title\" content=\"Mentions Legales - Nilya Travel\" \/>\n<meta property=\"og:description\" content=\"Consultez les mentions l\u00e9gales de Nilya Travel. Retrouvez toutes les informations l\u00e9gales concernant notre plateforme d\u00e9di\u00e9e aux h\u00e9bergements et activit\u00e9s pour digital nomads en France.\" \/>\n<meta property=\"og:url\" content=\"https:\/\/nilyatravel.com\/en\/mentions-legales\/\" \/>\n<meta property=\"og:site_name\" content=\"Nilya Travel\" \/>\n<meta property=\"article:publisher\" content=\"https:\/\/www.facebook.com\/nilyatravel\/\" \/>\n<meta property=\"article:modified_time\" content=\"2025-05-04T17:43:13+00:00\" \/>\n<meta name=\"twitter:card\" content=\"summary_large_image\" \/>\n<meta name=\"twitter:site\" content=\"@nilyatravel\" \/>\n<meta name=\"twitter:label1\" content=\"Est. reading time\" \/>\n\t<meta name=\"twitter:data1\" content=\"2 minutes\" \/>\n<script type=\"application\/ld+json\" class=\"yoast-schema-graph\">{\"@context\":\"https:\/\/schema.org\",\"@graph\":[{\"@type\":\"WebPage\",\"@id\":\"https:\/\/nilyatravel.com\/mentions-legales\/\",\"url\":\"https:\/\/nilyatravel.com\/mentions-legales\/\",\"name\":\"Mentions Legales - Nilya Travel\",\"isPartOf\":{\"@id\":\"https:\/\/nilyatravel.com\/#website\"},\"datePublished\":\"2025-02-28T07:50:15+00:00\",\"dateModified\":\"2025-05-04T17:43:13+00:00\",\"description\":\"Consultez les mentions l\u00e9gales de Nilya Travel. Retrouvez toutes les informations l\u00e9gales concernant notre plateforme d\u00e9di\u00e9e aux h\u00e9bergements et activit\u00e9s pour digital nomads en France.\",\"breadcrumb\":{\"@id\":\"https:\/\/nilyatravel.com\/mentions-legales\/#breadcrumb\"},\"inLanguage\":\"en-US\",\"potentialAction\":[{\"@type\":\"ReadAction\",\"target\":[\"https:\/\/nilyatravel.com\/mentions-legales\/\"]}]},{\"@type\":\"BreadcrumbList\",\"@id\":\"https:\/\/nilyatravel.com\/mentions-legales\/#breadcrumb\",\"itemListElement\":[{\"@type\":\"ListItem\",\"position\":1,\"name\":\"Home\",\"item\":\"https:\/\/nilyatravel.com\/\"},{\"@type\":\"ListItem\",\"position\":2,\"name\":\"Mentions Legales\"}]},{\"@type\":\"WebSite\",\"@id\":\"https:\/\/nilyatravel.com\/#website\",\"url\":\"https:\/\/nilyatravel.com\/\",\"name\":\"Nilya Travel\",\"description\":\"\",\"publisher\":{\"@id\":\"https:\/\/nilyatravel.com\/#organization\"},\"potentialAction\":[{\"@type\":\"SearchAction\",\"target\":{\"@type\":\"EntryPoint\",\"urlTemplate\":\"https:\/\/nilyatravel.com\/?s={search_term_string}\"},\"query-input\":{\"@type\":\"PropertyValueSpecification\",\"valueRequired\":true,\"valueName\":\"search_term_string\"}}],\"inLanguage\":\"en-US\"},{\"@type\":\"Organization\",\"@id\":\"https:\/\/nilyatravel.com\/#organization\",\"name\":\"Nilya Travel\",\"url\":\"https:\/\/nilyatravel.com\/\",\"logo\":{\"@type\":\"ImageObject\",\"inLanguage\":\"en-US\",\"@id\":\"https:\/\/nilyatravel.com\/#\/schema\/logo\/image\/\",\"url\":\"https:\/\/nilyatravel.com\/wp-content\/uploads\/2025\/02\/662a6030b674b313da8557da_nilya-travel_webclip-icon.png\",\"contentUrl\":\"https:\/\/nilyatravel.com\/wp-content\/uploads\/2025\/02\/662a6030b674b313da8557da_nilya-travel_webclip-icon.png\",\"width\":256,\"height\":256,\"caption\":\"Nilya Travel\"},\"image\":{\"@id\":\"https:\/\/nilyatravel.com\/#\/schema\/logo\/image\/\"},\"sameAs\":[\"https:\/\/www.facebook.com\/nilyatravel\/\",\"https:\/\/x.com\/nilyatravel\",\"https:\/\/www.instagram.com\/nilyatravel\/\",\"https:\/\/www.linkedin.com\/company\/nilya-travel\/\"]}]}<\/script>\n<!-- \/ Yoast SEO plugin. -->","yoast_head_json":{"title":"Mentions Legales - Nilya Travel","description":"Consultez les mentions l\u00e9gales de Nilya Travel. Retrouvez toutes les informations l\u00e9gales concernant notre plateforme d\u00e9di\u00e9e aux h\u00e9bergements et activit\u00e9s pour digital nomads en France.","robots":{"index":"index","follow":"follow","max-snippet":"max-snippet:-1","max-image-preview":"max-image-preview:large","max-video-preview":"max-video-preview:-1"},"canonical":"https:\/\/nilyatravel.com\/en\/mentions-legales\/","og_locale":"en_US","og_type":"article","og_title":"Mentions Legales - Nilya Travel","og_description":"Consultez les mentions l\u00e9gales de Nilya Travel. Retrouvez toutes les informations l\u00e9gales concernant notre plateforme d\u00e9di\u00e9e aux h\u00e9bergements et activit\u00e9s pour digital nomads en France.","og_url":"https:\/\/nilyatravel.com\/en\/mentions-legales\/","og_site_name":"Nilya Travel","article_publisher":"https:\/\/www.facebook.com\/nilyatravel\/","article_modified_time":"2025-05-04T17:43:13+00:00","twitter_card":"summary_large_image","twitter_site":"@nilyatravel","twitter_misc":{"Est. reading time":"2 minutes"},"schema":{"@context":"https:\/\/schema.org","@graph":[{"@type":"WebPage","@id":"https:\/\/nilyatravel.com\/mentions-legales\/","url":"https:\/\/nilyatravel.com\/mentions-legales\/","name":"Mentions Legales - Nilya Travel","isPartOf":{"@id":"https:\/\/nilyatravel.com\/#website"},"datePublished":"2025-02-28T07:50:15+00:00","dateModified":"2025-05-04T17:43:13+00:00","description":"Consultez les mentions l\u00e9gales de Nilya Travel. Retrouvez toutes les informations l\u00e9gales concernant notre plateforme d\u00e9di\u00e9e aux h\u00e9bergements et activit\u00e9s pour digital nomads en France.","breadcrumb":{"@id":"https:\/\/nilyatravel.com\/mentions-legales\/#breadcrumb"},"inLanguage":"en-US","potentialAction":[{"@type":"ReadAction","target":["https:\/\/nilyatravel.com\/mentions-legales\/"]}]},{"@type":"BreadcrumbList","@id":"https:\/\/nilyatravel.com\/mentions-legales\/#breadcrumb","itemListElement":[{"@type":"ListItem","position":1,"name":"Home","item":"https:\/\/nilyatravel.com\/"},{"@type":"ListItem","position":2,"name":"Mentions Legales"}]},{"@type":"WebSite","@id":"https:\/\/nilyatravel.com\/#website","url":"https:\/\/nilyatravel.com\/","name":"Nilya Travel","description":"","publisher":{"@id":"https:\/\/nilyatravel.com\/#organization"},"potentialAction":[{"@type":"SearchAction","target":{"@type":"EntryPoint","urlTemplate":"https:\/\/nilyatravel.com\/?s={search_term_string}"},"query-input":{"@type":"PropertyValueSpecification","valueRequired":true,"valueName":"search_term_string"}}],"inLanguage":"en-US"},{"@type":"Organization","@id":"https:\/\/nilyatravel.com\/#organization","name":"Nilya Travel","url":"https:\/\/nilyatravel.com\/","logo":{"@type":"ImageObject","inLanguage":"en-US","@id":"https:\/\/nilyatravel.com\/#\/schema\/logo\/image\/","url":"https:\/\/nilyatravel.com\/wp-content\/uploads\/2025\/02\/662a6030b674b313da8557da_nilya-travel_webclip-icon.png","contentUrl":"https:\/\/nilyatravel.com\/wp-content\/uploads\/2025\/02\/662a6030b674b313da8557da_nilya-travel_webclip-icon.png","width":256,"height":256,"caption":"Nilya Travel"},"image":{"@id":"https:\/\/nilyatravel.com\/#\/schema\/logo\/image\/"},"sameAs":["https:\/\/www.facebook.com\/nilyatravel\/","https:\/\/x.com\/nilyatravel","https:\/\/www.instagram.com\/nilyatravel\/","https:\/\/www.linkedin.com\/company\/nilya-travel\/"]}]}},"_links":{"self":[{"href":"https:\/\/nilyatravel.com\/en\/wp-json\/wp\/v2\/pages\/247","targetHints":{"allow":["GET"]}}],"collection":[{"href":"https:\/\/nilyatravel.com\/en\/wp-json\/wp\/v2\/pages"}],"about":[{"href":"https:\/\/nilyatravel.com\/en\/wp-json\/wp\/v2\/types\/page"}],"author":[{"embeddable":true,"href":"https:\/\/nilyatravel.com\/en\/wp-json\/wp\/v2\/users\/1"}],"replies":[{"embeddable":true,"href":"https:\/\/nilyatravel.com\/en\/wp-json\/wp\/v2\/comments?post=247"}],"version-history":[{"count":7,"href":"https:\/\/nilyatravel.com\/en\/wp-json\/wp\/v2\/pages\/247\/revisions"}],"predecessor-version":[{"id":364,"href":"https:\/\/nilyatravel.com\/en\/wp-json\/wp\/v2\/pages\/247\/revisions\/364"}],"wp:attachment":[{"href":"https:\/\/nilyatravel.com\/en\/wp-json\/wp\/v2\/media?parent=247"}],"curies":[{"name":"wp","href":"https:\/\/api.w.org\/{rel}","templated":true}]}}