{"id":251,"date":"2025-02-28T07:50:40","date_gmt":"2025-02-28T07:50:40","guid":{"rendered":"https:\/\/nilyatravel.com\/?page_id=251"},"modified":"2025-04-25T15:14:24","modified_gmt":"2025-04-25T15:14:24","slug":"gestion-des-cookies","status":"publish","type":"page","link":"https:\/\/nilyatravel.com\/en\/gestion-des-cookies\/","title":{"rendered":"Gestion Des Cookies"},"content":{"rendered":"<div data-elementor-type=\"wp-page\" data-elementor-id=\"251\" class=\"elementor elementor-251\" data-elementor-post-type=\"page\">\n\t\t\t\t<div class=\"elementor-element elementor-element-b6277c0 e-flex e-con-boxed e-con e-parent\" data-id=\"b6277c0\" data-element_type=\"container\" data-e-type=\"container\">\n\t\t\t\t\t<div class=\"e-con-inner\">\n\t\t\t\t<div class=\"elementor-element elementor-element-b4af85b elementor-widget elementor-widget-heading\" data-id=\"b4af85b\" data-element_type=\"widget\" data-e-type=\"widget\" data-widget_type=\"heading.default\">\n\t\t\t\t<div class=\"elementor-widget-container\">\n\t\t\t\t\t<h2 class=\"elementor-heading-title elementor-size-default\">Gestion des Cookies\n<\/h2>\t\t\t\t<\/div>\n\t\t\t\t<\/div>\n\t\t\t\t<div class=\"elementor-element elementor-element-04339f0 elementor-widget elementor-widget-text-editor\" data-id=\"04339f0\" data-element_type=\"widget\" data-e-type=\"widget\" data-widget_type=\"text-editor.default\">\n\t\t\t\t<div class=\"elementor-widget-container\">\n\t\t\t\t\t\t\t\t\t<p><strong>Qu&rsquo;est-ce qu&rsquo;un cookie \ud83c\udf6a?<br \/><br \/>\u200d<\/strong>Les cookies sont de petits fichiers texte plac\u00e9s sur votre appareil lorsque vous visitez un site web. Ils sont largement utilis\u00e9s pour permettre au site de fonctionner de mani\u00e8re optimale, \u00e0 des fins d&rsquo;analyse et de personnalisation.<br \/><br \/>\u200d<strong>Types de cookies utilis\u00e9s<br \/>Cookies essentiels :<\/strong>\u00a0Ces cookies sont n\u00e9cessaires au bon fonctionnement du site web et ne peuvent pas \u00eatre d\u00e9sactiv\u00e9s dans nos syst\u00e8mes. Ils sont g\u00e9n\u00e9ralement d\u00e9finis en r\u00e9ponse \u00e0 des actions que vous avez effectu\u00e9es et qui constituent une demande de services, telles que la connexion \u00e0 un compte ou la gestion des pr\u00e9f\u00e9rences de confidentialit\u00e9.<br \/>\u200d<strong>Cookies de performance :<\/strong>\u00a0Ces cookies nous permettent de compter les visites et les sources de trafic afin de mesurer et d&rsquo;am\u00e9liorer les performances de notre site. Ils nous aident \u00e0 savoir quelles pages sont les plus et les moins populaires et \u00e0 voir comment les visiteurs naviguent sur le site.<br \/>\u200d<strong>Cookies de fonctionnalit\u00e9 :<\/strong>\u00a0Ces cookies permettent au site web de fournir des fonctionnalit\u00e9s et des personnalisations am\u00e9lior\u00e9es. Ils peuvent \u00eatre d\u00e9finis par nous ou par des fournisseurs tiers dont les services ont \u00e9t\u00e9 ajout\u00e9s \u00e0 nos pages.<br \/><br \/>\u200d<strong>G\u00e9rer vos pr\u00e9f\u00e9rences de cookies:\u00a0<\/strong>Vous pouvez ajuster vos pr\u00e9f\u00e9rences de cookies en cliquant sur le bouton de gestion des pr\u00e9f\u00e9rences de cookies.<br \/><br \/>\u200d<strong>Consentement:\u00a0<\/strong>En utilisant notre site web, vous consentez \u00e0 l&rsquo;utilisation de cookies conform\u00e9ment \u00e0 la pr\u00e9sente politique.<br \/><br \/>\u200d<strong>Plus d&rsquo;informations<br \/>\u200d<\/strong>Pour plus d&rsquo;informations sur les cookies et sur la mani\u00e8re de les g\u00e9rer, veuillez consulter notre Politique de cookies.<\/p>\t\t\t\t\t\t\t\t<\/div>\n\t\t\t\t<\/div>\n\t\t\t\t\t<\/div>\n\t\t\t\t<\/div>\n\t\t\t\t<\/div>","protected":false},"excerpt":{"rendered":"<p>Gestion des Cookies Qu&rsquo;est-ce qu&rsquo;un cookie \ud83c\udf6a? \u200dLes cookies sont de petits fichiers texte plac\u00e9s sur votre appareil lorsque vous visitez un site web. Ils sont largement utilis\u00e9s pour permettre au site de fonctionner de mani\u00e8re optimale, \u00e0 des fins d&rsquo;analyse et de personnalisation. \u200dTypes de cookies utilis\u00e9sCookies essentiels :\u00a0Ces cookies sont n\u00e9cessaires au bon [&hellip;]<\/p>\n","protected":false},"author":1,"featured_media":0,"parent":0,"menu_order":0,"comment_status":"closed","ping_status":"closed","template":"","meta":{"footnotes":""},"class_list":["post-251","page","type-page","status-publish","hentry"],"yoast_head":"<!-- This site is optimized with the Yoast SEO plugin v27.4 - https:\/\/yoast.com\/product\/yoast-seo-wordpress\/ -->\n<title>Gestion Des Cookies - Nilya Travel<\/title>\n<meta name=\"description\" content=\"Learn about Nilya Travel&#039;s cookie management policy. Understand how we use cookies to enhance your experience and manage your preferences for digital nomad services in France.\" \/>\n<meta name=\"robots\" content=\"index, follow, max-snippet:-1, max-image-preview:large, max-video-preview:-1\" \/>\n<link rel=\"canonical\" href=\"https:\/\/nilyatravel.com\/en\/gestion-des-cookies\/\" \/>\n<meta property=\"og:locale\" content=\"en_US\" \/>\n<meta property=\"og:type\" content=\"article\" \/>\n<meta property=\"og:title\" content=\"Gestion Des Cookies - Nilya Travel\" \/>\n<meta property=\"og:description\" content=\"Learn about Nilya Travel&#039;s cookie management policy. Understand how we use cookies to enhance your experience and manage your preferences for digital nomad services in France.\" \/>\n<meta property=\"og:url\" content=\"https:\/\/nilyatravel.com\/en\/gestion-des-cookies\/\" \/>\n<meta property=\"og:site_name\" content=\"Nilya Travel\" \/>\n<meta property=\"article:publisher\" content=\"https:\/\/www.facebook.com\/nilyatravel\/\" \/>\n<meta property=\"article:modified_time\" content=\"2025-04-25T15:14:24+00:00\" \/>\n<meta name=\"twitter:card\" content=\"summary_large_image\" \/>\n<meta name=\"twitter:site\" content=\"@nilyatravel\" \/>\n<meta name=\"twitter:label1\" content=\"Est. reading time\" \/>\n\t<meta name=\"twitter:data1\" content=\"2 minutes\" \/>\n<script type=\"application\/ld+json\" class=\"yoast-schema-graph\">{\"@context\":\"https:\\\/\\\/schema.org\",\"@graph\":[{\"@type\":\"WebPage\",\"@id\":\"https:\\\/\\\/nilyatravel.com\\\/gestion-des-cookies\\\/\",\"url\":\"https:\\\/\\\/nilyatravel.com\\\/gestion-des-cookies\\\/\",\"name\":\"Gestion Des Cookies - Nilya Travel\",\"isPartOf\":{\"@id\":\"https:\\\/\\\/nilyatravel.com\\\/#website\"},\"datePublished\":\"2025-02-28T07:50:40+00:00\",\"dateModified\":\"2025-04-25T15:14:24+00:00\",\"description\":\"Learn about Nilya Travel's cookie management policy. Understand how we use cookies to enhance your experience and manage your preferences for digital nomad services in France.\",\"breadcrumb\":{\"@id\":\"https:\\\/\\\/nilyatravel.com\\\/gestion-des-cookies\\\/#breadcrumb\"},\"inLanguage\":\"en-US\",\"potentialAction\":[{\"@type\":\"ReadAction\",\"target\":[\"https:\\\/\\\/nilyatravel.com\\\/gestion-des-cookies\\\/\"]}]},{\"@type\":\"BreadcrumbList\",\"@id\":\"https:\\\/\\\/nilyatravel.com\\\/gestion-des-cookies\\\/#breadcrumb\",\"itemListElement\":[{\"@type\":\"ListItem\",\"position\":1,\"name\":\"Home\",\"item\":\"https:\\\/\\\/nilyatravel.com\\\/\"},{\"@type\":\"ListItem\",\"position\":2,\"name\":\"Gestion Des Cookies\"}]},{\"@type\":\"WebSite\",\"@id\":\"https:\\\/\\\/nilyatravel.com\\\/#website\",\"url\":\"https:\\\/\\\/nilyatravel.com\\\/\",\"name\":\"Nilya Travel\",\"description\":\"\",\"publisher\":{\"@id\":\"https:\\\/\\\/nilyatravel.com\\\/#organization\"},\"potentialAction\":[{\"@type\":\"SearchAction\",\"target\":{\"@type\":\"EntryPoint\",\"urlTemplate\":\"https:\\\/\\\/nilyatravel.com\\\/?s={search_term_string}\"},\"query-input\":{\"@type\":\"PropertyValueSpecification\",\"valueRequired\":true,\"valueName\":\"search_term_string\"}}],\"inLanguage\":\"en-US\"},{\"@type\":\"Organization\",\"@id\":\"https:\\\/\\\/nilyatravel.com\\\/#organization\",\"name\":\"Nilya Travel\",\"url\":\"https:\\\/\\\/nilyatravel.com\\\/\",\"logo\":{\"@type\":\"ImageObject\",\"inLanguage\":\"en-US\",\"@id\":\"https:\\\/\\\/nilyatravel.com\\\/#\\\/schema\\\/logo\\\/image\\\/\",\"url\":\"https:\\\/\\\/nilyatravel.com\\\/wp-content\\\/uploads\\\/2025\\\/02\\\/662a6030b674b313da8557da_nilya-travel_webclip-icon.png\",\"contentUrl\":\"https:\\\/\\\/nilyatravel.com\\\/wp-content\\\/uploads\\\/2025\\\/02\\\/662a6030b674b313da8557da_nilya-travel_webclip-icon.png\",\"width\":256,\"height\":256,\"caption\":\"Nilya Travel\"},\"image\":{\"@id\":\"https:\\\/\\\/nilyatravel.com\\\/#\\\/schema\\\/logo\\\/image\\\/\"},\"sameAs\":[\"https:\\\/\\\/www.facebook.com\\\/nilyatravel\\\/\",\"https:\\\/\\\/x.com\\\/nilyatravel\",\"https:\\\/\\\/www.instagram.com\\\/nilyatravel\\\/\",\"https:\\\/\\\/www.linkedin.com\\\/company\\\/nilya-travel\\\/\"]}]}<\/script>\n<!-- \/ Yoast SEO plugin. -->","yoast_head_json":{"title":"Gestion Des Cookies - Nilya Travel","description":"Learn about Nilya Travel's cookie management policy. Understand how we use cookies to enhance your experience and manage your preferences for digital nomad services in France.","robots":{"index":"index","follow":"follow","max-snippet":"max-snippet:-1","max-image-preview":"max-image-preview:large","max-video-preview":"max-video-preview:-1"},"canonical":"https:\/\/nilyatravel.com\/en\/gestion-des-cookies\/","og_locale":"en_US","og_type":"article","og_title":"Gestion Des Cookies - Nilya Travel","og_description":"Learn about Nilya Travel's cookie management policy. Understand how we use cookies to enhance your experience and manage your preferences for digital nomad services in France.","og_url":"https:\/\/nilyatravel.com\/en\/gestion-des-cookies\/","og_site_name":"Nilya Travel","article_publisher":"https:\/\/www.facebook.com\/nilyatravel\/","article_modified_time":"2025-04-25T15:14:24+00:00","twitter_card":"summary_large_image","twitter_site":"@nilyatravel","twitter_misc":{"Est. reading time":"2 minutes"},"schema":{"@context":"https:\/\/schema.org","@graph":[{"@type":"WebPage","@id":"https:\/\/nilyatravel.com\/gestion-des-cookies\/","url":"https:\/\/nilyatravel.com\/gestion-des-cookies\/","name":"Gestion Des Cookies - Nilya Travel","isPartOf":{"@id":"https:\/\/nilyatravel.com\/#website"},"datePublished":"2025-02-28T07:50:40+00:00","dateModified":"2025-04-25T15:14:24+00:00","description":"Learn about Nilya Travel's cookie management policy. Understand how we use cookies to enhance your experience and manage your preferences for digital nomad services in France.","breadcrumb":{"@id":"https:\/\/nilyatravel.com\/gestion-des-cookies\/#breadcrumb"},"inLanguage":"en-US","potentialAction":[{"@type":"ReadAction","target":["https:\/\/nilyatravel.com\/gestion-des-cookies\/"]}]},{"@type":"BreadcrumbList","@id":"https:\/\/nilyatravel.com\/gestion-des-cookies\/#breadcrumb","itemListElement":[{"@type":"ListItem","position":1,"name":"Home","item":"https:\/\/nilyatravel.com\/"},{"@type":"ListItem","position":2,"name":"Gestion Des Cookies"}]},{"@type":"WebSite","@id":"https:\/\/nilyatravel.com\/#website","url":"https:\/\/nilyatravel.com\/","name":"Nilya Travel","description":"","publisher":{"@id":"https:\/\/nilyatravel.com\/#organization"},"potentialAction":[{"@type":"SearchAction","target":{"@type":"EntryPoint","urlTemplate":"https:\/\/nilyatravel.com\/?s={search_term_string}"},"query-input":{"@type":"PropertyValueSpecification","valueRequired":true,"valueName":"search_term_string"}}],"inLanguage":"en-US"},{"@type":"Organization","@id":"https:\/\/nilyatravel.com\/#organization","name":"Nilya Travel","url":"https:\/\/nilyatravel.com\/","logo":{"@type":"ImageObject","inLanguage":"en-US","@id":"https:\/\/nilyatravel.com\/#\/schema\/logo\/image\/","url":"https:\/\/nilyatravel.com\/wp-content\/uploads\/2025\/02\/662a6030b674b313da8557da_nilya-travel_webclip-icon.png","contentUrl":"https:\/\/nilyatravel.com\/wp-content\/uploads\/2025\/02\/662a6030b674b313da8557da_nilya-travel_webclip-icon.png","width":256,"height":256,"caption":"Nilya Travel"},"image":{"@id":"https:\/\/nilyatravel.com\/#\/schema\/logo\/image\/"},"sameAs":["https:\/\/www.facebook.com\/nilyatravel\/","https:\/\/x.com\/nilyatravel","https:\/\/www.instagram.com\/nilyatravel\/","https:\/\/www.linkedin.com\/company\/nilya-travel\/"]}]}},"_links":{"self":[{"href":"https:\/\/nilyatravel.com\/en\/wp-json\/wp\/v2\/pages\/251","targetHints":{"allow":["GET"]}}],"collection":[{"href":"https:\/\/nilyatravel.com\/en\/wp-json\/wp\/v2\/pages"}],"about":[{"href":"https:\/\/nilyatravel.com\/en\/wp-json\/wp\/v2\/types\/page"}],"author":[{"embeddable":true,"href":"https:\/\/nilyatravel.com\/en\/wp-json\/wp\/v2\/users\/1"}],"replies":[{"embeddable":true,"href":"https:\/\/nilyatravel.com\/en\/wp-json\/wp\/v2\/comments?post=251"}],"version-history":[{"count":7,"href":"https:\/\/nilyatravel.com\/en\/wp-json\/wp\/v2\/pages\/251\/revisions"}],"predecessor-version":[{"id":367,"href":"https:\/\/nilyatravel.com\/en\/wp-json\/wp\/v2\/pages\/251\/revisions\/367"}],"wp:attachment":[{"href":"https:\/\/nilyatravel.com\/en\/wp-json\/wp\/v2\/media?parent=251"}],"curies":[{"name":"wp","href":"https:\/\/api.w.org\/{rel}","templated":true}]}}