{"id":255,"date":"2025-02-28T07:51:05","date_gmt":"2025-02-28T07:51:05","guid":{"rendered":"https:\/\/nilyatravel.com\/?page_id=255"},"modified":"2025-04-25T15:07:36","modified_gmt":"2025-04-25T15:07:36","slug":"conditions-generales","status":"publish","type":"page","link":"https:\/\/nilyatravel.com\/en\/conditions-generales\/","title":{"rendered":"Conditions Generales"},"content":{"rendered":"\t\t<div data-elementor-type=\"wp-page\" data-elementor-id=\"255\" class=\"elementor elementor-255\" data-elementor-post-type=\"page\">\n\t\t\t\t<div class=\"elementor-element elementor-element-665c785 e-flex e-con-boxed e-con e-parent\" data-id=\"665c785\" data-element_type=\"container\" data-e-type=\"container\">\n\t\t\t\t\t<div class=\"e-con-inner\">\n\t\t\t\t<div class=\"elementor-element elementor-element-0c62ff7 elementor-widget elementor-widget-heading\" data-id=\"0c62ff7\" data-element_type=\"widget\" data-e-type=\"widget\" data-widget_type=\"heading.default\">\n\t\t\t\t<div class=\"elementor-widget-container\">\n\t\t\t\t\t<h2 class=\"elementor-heading-title elementor-size-default\">CONDITIONS G\u00c9N\u00c9RALES<\/h2>\t\t\t\t<\/div>\n\t\t\t\t<\/div>\n\t\t\t\t<div class=\"elementor-element elementor-element-f633253 elementor-widget elementor-widget-text-editor\" data-id=\"f633253\" data-element_type=\"widget\" data-e-type=\"widget\" data-widget_type=\"text-editor.default\">\n\t\t\t\t<div class=\"elementor-widget-container\">\n\t\t\t\t\t\t\t\t\t<p><strong>1. Objet du service<br \/><\/strong>Les pr\u00e9sentes conditions g\u00e9n\u00e9rales r\u00e9gissent l&rsquo;utilisation de la plateforme de r\u00e9servation d&rsquo;h\u00e9bergement de vacances (ci-apr\u00e8s d\u00e9nomm\u00e9e \u00ab\u00a0Plateforme\u00a0\u00bb) propos\u00e9e par [Nom de l&rsquo;agence de voyage] (ci-apr\u00e8s d\u00e9nomm\u00e9e \u00ab\u00a0l&rsquo;Agence\u00a0\u00bb).<br \/>\u200d<br \/><strong>2. Utilisation de la Plateforme<br \/><\/strong>2.1. La Plateforme permet aux utilisateurs (ci-apr\u00e8s d\u00e9nomm\u00e9s \u00ab\u00a0Utilisateurs\u00a0\u00bb) de rechercher, consulter et r\u00e9server des h\u00e9bergements de vacances.<br \/>2.2. L&rsquo;Utilisateur reconna\u00eet avoir pris connaissance des fonctionnalit\u00e9s de la Plateforme et accepte de les utiliser conform\u00e9ment aux pr\u00e9sentes conditions g\u00e9n\u00e9rales.<br \/><br \/><strong>3. R\u00e9servations<br \/><\/strong>3.1. Les r\u00e9servations d&rsquo;h\u00e9bergement sont effectu\u00e9es directement entre les propri\u00e9taires d&rsquo;h\u00e9bergements (ci-apr\u00e8s d\u00e9nomm\u00e9s \u00ab\u00a0Annonceurs\u00a0\u00bb) et les Utilisateurs.<br \/><br \/>3.2. Les tarifs affich\u00e9s sur la Plateforme sont fournis \u00e0 titre indicatif et peuvent varier en fonction des dates de s\u00e9jour et des options choisies.<br \/>\u200d<br \/><strong>4. Responsabilit\u00e9s<\/strong><br \/>4.2. Les Annonceurs sont responsables de l&rsquo;exactitude des informations fournies dans leurs annonces et s&rsquo;engagent \u00e0 respecter les lois et r\u00e9glementations locales concernant la location de leur h\u00e9bergement.<br \/><br \/><strong>5. Donn\u00e9es personnelles<br \/><\/strong>5.1. Les donn\u00e9es personnelles collect\u00e9es dans le cadre de l&rsquo;utilisation de la Plateforme sont trait\u00e9es conform\u00e9ment \u00e0 notre politique de confidentialit\u00e9.<br \/><br \/><strong>6. Modifications des conditions g\u00e9n\u00e9rales<br \/><\/strong>L&rsquo;Agence se r\u00e9serve le droit de modifier les pr\u00e9sentes conditions g\u00e9n\u00e9rales \u00e0 tout moment. Les modifications entreront en vigueur d\u00e8s leur publication sur la Plateforme.<br \/><br \/>En utilisant la Plateforme, les Utilisateurs reconnaissent avoir pris connaissance et accept\u00e9 les pr\u00e9sentes conditions g\u00e9n\u00e9rales.<\/p>\t\t\t\t\t\t\t\t<\/div>\n\t\t\t\t<\/div>\n\t\t\t\t\t<\/div>\n\t\t\t\t<\/div>\n\t\t\t\t<\/div>\n\t\t","protected":false},"excerpt":{"rendered":"<p>CONDITIONS G\u00c9N\u00c9RALES 1. Objet du serviceLes pr\u00e9sentes conditions g\u00e9n\u00e9rales r\u00e9gissent l&rsquo;utilisation de la plateforme de r\u00e9servation d&rsquo;h\u00e9bergement de vacances (ci-apr\u00e8s d\u00e9nomm\u00e9e \u00ab\u00a0Plateforme\u00a0\u00bb) propos\u00e9e par [Nom de l&rsquo;agence de voyage] (ci-apr\u00e8s d\u00e9nomm\u00e9e \u00ab\u00a0l&rsquo;Agence\u00a0\u00bb).\u200d2. Utilisation de la Plateforme2.1. La Plateforme permet aux utilisateurs (ci-apr\u00e8s d\u00e9nomm\u00e9s \u00ab\u00a0Utilisateurs\u00a0\u00bb) de rechercher, consulter et r\u00e9server des h\u00e9bergements de vacances.2.2. L&rsquo;Utilisateur reconna\u00eet [&hellip;]<\/p>\n","protected":false},"author":1,"featured_media":0,"parent":0,"menu_order":0,"comment_status":"closed","ping_status":"closed","template":"","meta":{"footnotes":""},"class_list":["post-255","page","type-page","status-publish","hentry"],"yoast_head":"<!-- This site is optimized with the Yoast SEO plugin v27.2 - https:\/\/yoast.com\/product\/yoast-seo-wordpress\/ -->\n<title>Conditions Generales - Nilya Travel<\/title>\n<meta name=\"description\" content=\"Review the general terms and conditions for booking with Nilya Travel. Understand our policies for digital nomad accommodations, activities, cancellations, and payments in France.\" \/>\n<meta name=\"robots\" content=\"index, follow, max-snippet:-1, max-image-preview:large, max-video-preview:-1\" \/>\n<link rel=\"canonical\" href=\"https:\/\/nilyatravel.com\/en\/conditions-generales\/\" \/>\n<meta property=\"og:locale\" content=\"en_US\" \/>\n<meta property=\"og:type\" content=\"article\" \/>\n<meta property=\"og:title\" content=\"Conditions Generales - Nilya Travel\" \/>\n<meta property=\"og:description\" content=\"Review the general terms and conditions for booking with Nilya Travel. Understand our policies for digital nomad accommodations, activities, cancellations, and payments in France.\" \/>\n<meta property=\"og:url\" content=\"https:\/\/nilyatravel.com\/en\/conditions-generales\/\" \/>\n<meta property=\"og:site_name\" content=\"Nilya Travel\" \/>\n<meta property=\"article:publisher\" content=\"https:\/\/www.facebook.com\/nilyatravel\/\" \/>\n<meta property=\"article:modified_time\" content=\"2025-04-25T15:07:36+00:00\" \/>\n<meta name=\"twitter:card\" content=\"summary_large_image\" \/>\n<meta name=\"twitter:site\" content=\"@nilyatravel\" \/>\n<meta name=\"twitter:label1\" content=\"Est. reading time\" \/>\n\t<meta name=\"twitter:data1\" content=\"1 minute\" \/>\n<script type=\"application\/ld+json\" class=\"yoast-schema-graph\">{\"@context\":\"https:\/\/schema.org\",\"@graph\":[{\"@type\":\"WebPage\",\"@id\":\"https:\/\/nilyatravel.com\/conditions-generales\/\",\"url\":\"https:\/\/nilyatravel.com\/conditions-generales\/\",\"name\":\"Conditions Generales - Nilya Travel\",\"isPartOf\":{\"@id\":\"https:\/\/nilyatravel.com\/#website\"},\"datePublished\":\"2025-02-28T07:51:05+00:00\",\"dateModified\":\"2025-04-25T15:07:36+00:00\",\"description\":\"Review the general terms and conditions for booking with Nilya Travel. Understand our policies for digital nomad accommodations, activities, cancellations, and payments in France.\",\"breadcrumb\":{\"@id\":\"https:\/\/nilyatravel.com\/conditions-generales\/#breadcrumb\"},\"inLanguage\":\"en-US\",\"potentialAction\":[{\"@type\":\"ReadAction\",\"target\":[\"https:\/\/nilyatravel.com\/conditions-generales\/\"]}]},{\"@type\":\"BreadcrumbList\",\"@id\":\"https:\/\/nilyatravel.com\/conditions-generales\/#breadcrumb\",\"itemListElement\":[{\"@type\":\"ListItem\",\"position\":1,\"name\":\"Home\",\"item\":\"https:\/\/nilyatravel.com\/\"},{\"@type\":\"ListItem\",\"position\":2,\"name\":\"Conditions Generales\"}]},{\"@type\":\"WebSite\",\"@id\":\"https:\/\/nilyatravel.com\/#website\",\"url\":\"https:\/\/nilyatravel.com\/\",\"name\":\"Nilya Travel\",\"description\":\"\",\"publisher\":{\"@id\":\"https:\/\/nilyatravel.com\/#organization\"},\"potentialAction\":[{\"@type\":\"SearchAction\",\"target\":{\"@type\":\"EntryPoint\",\"urlTemplate\":\"https:\/\/nilyatravel.com\/?s={search_term_string}\"},\"query-input\":{\"@type\":\"PropertyValueSpecification\",\"valueRequired\":true,\"valueName\":\"search_term_string\"}}],\"inLanguage\":\"en-US\"},{\"@type\":\"Organization\",\"@id\":\"https:\/\/nilyatravel.com\/#organization\",\"name\":\"Nilya Travel\",\"url\":\"https:\/\/nilyatravel.com\/\",\"logo\":{\"@type\":\"ImageObject\",\"inLanguage\":\"en-US\",\"@id\":\"https:\/\/nilyatravel.com\/#\/schema\/logo\/image\/\",\"url\":\"https:\/\/nilyatravel.com\/wp-content\/uploads\/2025\/02\/662a6030b674b313da8557da_nilya-travel_webclip-icon.png\",\"contentUrl\":\"https:\/\/nilyatravel.com\/wp-content\/uploads\/2025\/02\/662a6030b674b313da8557da_nilya-travel_webclip-icon.png\",\"width\":256,\"height\":256,\"caption\":\"Nilya Travel\"},\"image\":{\"@id\":\"https:\/\/nilyatravel.com\/#\/schema\/logo\/image\/\"},\"sameAs\":[\"https:\/\/www.facebook.com\/nilyatravel\/\",\"https:\/\/x.com\/nilyatravel\",\"https:\/\/www.instagram.com\/nilyatravel\/\",\"https:\/\/www.linkedin.com\/company\/nilya-travel\/\"]}]}<\/script>\n<!-- \/ Yoast SEO plugin. -->","yoast_head_json":{"title":"Conditions Generales - Nilya Travel","description":"Review the general terms and conditions for booking with Nilya Travel. Understand our policies for digital nomad accommodations, activities, cancellations, and payments in France.","robots":{"index":"index","follow":"follow","max-snippet":"max-snippet:-1","max-image-preview":"max-image-preview:large","max-video-preview":"max-video-preview:-1"},"canonical":"https:\/\/nilyatravel.com\/en\/conditions-generales\/","og_locale":"en_US","og_type":"article","og_title":"Conditions Generales - Nilya Travel","og_description":"Review the general terms and conditions for booking with Nilya Travel. Understand our policies for digital nomad accommodations, activities, cancellations, and payments in France.","og_url":"https:\/\/nilyatravel.com\/en\/conditions-generales\/","og_site_name":"Nilya Travel","article_publisher":"https:\/\/www.facebook.com\/nilyatravel\/","article_modified_time":"2025-04-25T15:07:36+00:00","twitter_card":"summary_large_image","twitter_site":"@nilyatravel","twitter_misc":{"Est. reading time":"1 minute"},"schema":{"@context":"https:\/\/schema.org","@graph":[{"@type":"WebPage","@id":"https:\/\/nilyatravel.com\/conditions-generales\/","url":"https:\/\/nilyatravel.com\/conditions-generales\/","name":"Conditions Generales - Nilya Travel","isPartOf":{"@id":"https:\/\/nilyatravel.com\/#website"},"datePublished":"2025-02-28T07:51:05+00:00","dateModified":"2025-04-25T15:07:36+00:00","description":"Review the general terms and conditions for booking with Nilya Travel. Understand our policies for digital nomad accommodations, activities, cancellations, and payments in France.","breadcrumb":{"@id":"https:\/\/nilyatravel.com\/conditions-generales\/#breadcrumb"},"inLanguage":"en-US","potentialAction":[{"@type":"ReadAction","target":["https:\/\/nilyatravel.com\/conditions-generales\/"]}]},{"@type":"BreadcrumbList","@id":"https:\/\/nilyatravel.com\/conditions-generales\/#breadcrumb","itemListElement":[{"@type":"ListItem","position":1,"name":"Home","item":"https:\/\/nilyatravel.com\/"},{"@type":"ListItem","position":2,"name":"Conditions Generales"}]},{"@type":"WebSite","@id":"https:\/\/nilyatravel.com\/#website","url":"https:\/\/nilyatravel.com\/","name":"Nilya Travel","description":"","publisher":{"@id":"https:\/\/nilyatravel.com\/#organization"},"potentialAction":[{"@type":"SearchAction","target":{"@type":"EntryPoint","urlTemplate":"https:\/\/nilyatravel.com\/?s={search_term_string}"},"query-input":{"@type":"PropertyValueSpecification","valueRequired":true,"valueName":"search_term_string"}}],"inLanguage":"en-US"},{"@type":"Organization","@id":"https:\/\/nilyatravel.com\/#organization","name":"Nilya Travel","url":"https:\/\/nilyatravel.com\/","logo":{"@type":"ImageObject","inLanguage":"en-US","@id":"https:\/\/nilyatravel.com\/#\/schema\/logo\/image\/","url":"https:\/\/nilyatravel.com\/wp-content\/uploads\/2025\/02\/662a6030b674b313da8557da_nilya-travel_webclip-icon.png","contentUrl":"https:\/\/nilyatravel.com\/wp-content\/uploads\/2025\/02\/662a6030b674b313da8557da_nilya-travel_webclip-icon.png","width":256,"height":256,"caption":"Nilya Travel"},"image":{"@id":"https:\/\/nilyatravel.com\/#\/schema\/logo\/image\/"},"sameAs":["https:\/\/www.facebook.com\/nilyatravel\/","https:\/\/x.com\/nilyatravel","https:\/\/www.instagram.com\/nilyatravel\/","https:\/\/www.linkedin.com\/company\/nilya-travel\/"]}]}},"_links":{"self":[{"href":"https:\/\/nilyatravel.com\/en\/wp-json\/wp\/v2\/pages\/255","targetHints":{"allow":["GET"]}}],"collection":[{"href":"https:\/\/nilyatravel.com\/en\/wp-json\/wp\/v2\/pages"}],"about":[{"href":"https:\/\/nilyatravel.com\/en\/wp-json\/wp\/v2\/types\/page"}],"author":[{"embeddable":true,"href":"https:\/\/nilyatravel.com\/en\/wp-json\/wp\/v2\/users\/1"}],"replies":[{"embeddable":true,"href":"https:\/\/nilyatravel.com\/en\/wp-json\/wp\/v2\/comments?post=255"}],"version-history":[{"count":4,"href":"https:\/\/nilyatravel.com\/en\/wp-json\/wp\/v2\/pages\/255\/revisions"}],"predecessor-version":[{"id":361,"href":"https:\/\/nilyatravel.com\/en\/wp-json\/wp\/v2\/pages\/255\/revisions\/361"}],"wp:attachment":[{"href":"https:\/\/nilyatravel.com\/en\/wp-json\/wp\/v2\/media?parent=255"}],"curies":[{"name":"wp","href":"https:\/\/api.w.org\/{rel}","templated":true}]}}