{"id":958,"date":"2025-03-06T10:17:44","date_gmt":"2025-03-06T10:17:44","guid":{"rendered":"https:\/\/nilyatravel.com\/?page_id=958"},"modified":"2025-04-25T14:28:21","modified_gmt":"2025-04-25T14:28:21","slug":"blog","status":"publish","type":"page","link":"https:\/\/nilyatravel.com\/en\/blog\/","title":{"rendered":"Blog"},"content":{"rendered":"<div data-elementor-type=\"wp-page\" data-elementor-id=\"958\" class=\"elementor elementor-958\" data-elementor-post-type=\"page\">\n\t\t\t\t<div class=\"elementor-element elementor-element-d0867ac e-flex e-con-boxed e-con e-parent\" data-id=\"d0867ac\" data-element_type=\"container\" data-e-type=\"container\" data-settings=\"{&quot;background_background&quot;:&quot;classic&quot;}\">\n\t\t\t\t\t<div class=\"e-con-inner\">\n\t\t<div class=\"elementor-element elementor-element-f4d6cca e-con-full e-flex e-con e-child\" data-id=\"f4d6cca\" data-element_type=\"container\" data-e-type=\"container\">\n\t\t\t\t<div class=\"elementor-element elementor-element-5851694 elementor-widget elementor-widget-heading\" data-id=\"5851694\" data-element_type=\"widget\" data-e-type=\"widget\" data-widget_type=\"heading.default\">\n\t\t\t\t<div class=\"elementor-widget-container\">\n\t\t\t\t\t<h2 class=\"elementor-heading-title elementor-size-default\">Nos articles de blog<\/h2>\t\t\t\t<\/div>\n\t\t\t\t<\/div>\n\t\t\t\t<\/div>\n\t\t\t\t<div class=\"elementor-element elementor-element-31eab5b elementor-widget elementor-widget-heading\" data-id=\"31eab5b\" data-element_type=\"widget\" data-e-type=\"widget\" data-widget_type=\"heading.default\">\n\t\t\t\t<div class=\"elementor-widget-container\">\n\t\t\t\t\t<p class=\"elementor-heading-title elementor-size-default\"><a href=\"https:\/\/nilyatravel.com\/en\/articles-de-blog\/\">D\u00e9couvrez tous nos articles pour en savoir plus sur la vie de digitale nomade ainsi que les astuces pour optimiser vos voyages.<br><\/a><\/p>\t\t\t\t<\/div>\n\t\t\t\t<\/div>\n\t\t\t\t\t<\/div>\n\t\t\t\t<\/div>\n\t\t<div class=\"elementor-element elementor-element-1086357 e-flex e-con-boxed e-con e-parent\" data-id=\"1086357\" data-element_type=\"container\" data-e-type=\"container\">\n\t\t\t\t\t<div class=\"e-con-inner\">\n\t\t\t\t<div class=\"elementor-element elementor-element-11f4df6 elementor-widget elementor-widget-spacer\" data-id=\"11f4df6\" data-element_type=\"widget\" data-e-type=\"widget\" data-widget_type=\"spacer.default\">\n\t\t\t\t<div class=\"elementor-widget-container\">\n\t\t\t\t\t\t\t<div class=\"elementor-spacer\">\n\t\t\t<div class=\"elementor-spacer-inner\"><\/div>\n\t\t<\/div>\n\t\t\t\t\t\t<\/div>\n\t\t\t\t<\/div>\n\t\t\t\t<div class=\"elementor-element elementor-element-36714a8 elementor-grid-3 elementor-grid-tablet-2 elementor-grid-mobile-1 elementor-posts--thumbnail-top elementor-card-shadow-yes elementor-posts__hover-gradient elementor-widget elementor-widget-posts\" data-id=\"36714a8\" data-element_type=\"widget\" data-e-type=\"widget\" data-settings=\"{&quot;cards_row_gap&quot;:{&quot;unit&quot;:&quot;px&quot;,&quot;size&quot;:&quot;&quot;,&quot;sizes&quot;:[]},&quot;cards_columns&quot;:&quot;3&quot;,&quot;cards_columns_tablet&quot;:&quot;2&quot;,&quot;cards_columns_mobile&quot;:&quot;1&quot;,&quot;cards_row_gap_tablet&quot;:{&quot;unit&quot;:&quot;px&quot;,&quot;size&quot;:&quot;&quot;,&quot;sizes&quot;:[]},&quot;cards_row_gap_mobile&quot;:{&quot;unit&quot;:&quot;px&quot;,&quot;size&quot;:&quot;&quot;,&quot;sizes&quot;:[]}}\" data-widget_type=\"posts.cards\">\n\t\t\t\t<div class=\"elementor-widget-container\">\n\t\t\t\t\t\t\t<div class=\"elementor-posts-container elementor-posts elementor-posts--skin-cards elementor-grid\">\n\t\t\t\t<article class=\"elementor-post elementor-grid-item post-1215 post type-post status-publish format-standard has-post-thumbnail hentry category-digital-nomad\">\n\t\t\t<div class=\"elementor-post__card\">\n\t\t\t\t<a class=\"elementor-post__thumbnail__link\" href=\"https:\/\/nilyatravel.com\/en\/voyagez-lesprit-tranquille-avec-safetywing\/\" tabindex=\"-1\" ><div class=\"elementor-post__thumbnail\"><img fetchpriority=\"high\" decoding=\"async\" width=\"300\" height=\"300\" src=\"https:\/\/nilyatravel.com\/wp-content\/uploads\/2025\/04\/0x0-300x300.png\" class=\"attachment-medium size-medium wp-image-1216\" alt=\"\" srcset=\"https:\/\/nilyatravel.com\/wp-content\/uploads\/2025\/04\/0x0-300x300.png 300w, https:\/\/nilyatravel.com\/wp-content\/uploads\/2025\/04\/0x0-150x150.png 150w, https:\/\/nilyatravel.com\/wp-content\/uploads\/2025\/04\/0x0-768x768.png 768w, https:\/\/nilyatravel.com\/wp-content\/uploads\/2025\/04\/0x0-600x600.png 600w, https:\/\/nilyatravel.com\/wp-content\/uploads\/2025\/04\/0x0-100x100.png 100w, https:\/\/nilyatravel.com\/wp-content\/uploads\/2025\/04\/0x0.png 800w\" sizes=\"(max-width: 300px) 100vw, 300px\" \/><\/div><\/a>\n\t\t\t\t<div class=\"elementor-post__badge\">Digital Nomad<\/div>\n\t\t\t\t<div class=\"elementor-post__text\">\n\t\t\t\t<h2 class=\"elementor-post__title\">\n\t\t\t<a href=\"https:\/\/nilyatravel.com\/en\/voyagez-lesprit-tranquille-avec-safetywing\/\" >\n\t\t\t\tVoyagez l&rsquo;esprit tranquille avec SafetyWing\t\t\t<\/a>\n\t\t<\/h2>\n\t\t\t\t<div class=\"elementor-post__excerpt\">\n\t\t\t<p>Voyagez l&rsquo;esprit tranquille avec SafetyWing, l&rsquo;assurance sp\u00e9cialement con\u00e7ue pour les digital nomads. Profitez de notre lien pour d\u00e9couvrir leurs solutions flexibles et adapt\u00e9es \u00e0 votre<\/p>\n\t\t<\/div>\n\t\t\t\t<\/div>\n\t\t\t\t\t<\/div>\n\t\t<\/article>\n\t\t\t\t<article class=\"elementor-post elementor-grid-item post-1211 post type-post status-publish format-standard has-post-thumbnail hentry category-digital-nomad\">\n\t\t\t<div class=\"elementor-post__card\">\n\t\t\t\t<a class=\"elementor-post__thumbnail__link\" href=\"https:\/\/nilyatravel.com\/en\/%f0%9f%93%b1-vous-voyagez-a-letranger-ou-venez-de-letranger-en-france\/\" tabindex=\"-1\" ><div class=\"elementor-post__thumbnail\"><img decoding=\"async\" width=\"300\" height=\"158\" src=\"https:\/\/nilyatravel.com\/wp-content\/uploads\/2025\/04\/saily-meta-300x158.png\" class=\"attachment-medium size-medium wp-image-1212\" alt=\"\" srcset=\"https:\/\/nilyatravel.com\/wp-content\/uploads\/2025\/04\/saily-meta-300x158.png 300w, https:\/\/nilyatravel.com\/wp-content\/uploads\/2025\/04\/saily-meta-1024x538.png 1024w, https:\/\/nilyatravel.com\/wp-content\/uploads\/2025\/04\/saily-meta-768x403.png 768w, https:\/\/nilyatravel.com\/wp-content\/uploads\/2025\/04\/saily-meta-600x315.png 600w, https:\/\/nilyatravel.com\/wp-content\/uploads\/2025\/04\/saily-meta.png 1200w\" sizes=\"(max-width: 300px) 100vw, 300px\" \/><\/div><\/a>\n\t\t\t\t<div class=\"elementor-post__badge\">Digital Nomad<\/div>\n\t\t\t\t<div class=\"elementor-post__text\">\n\t\t\t\t<h2 class=\"elementor-post__title\">\n\t\t\t<a href=\"https:\/\/nilyatravel.com\/en\/%f0%9f%93%b1-vous-voyagez-a-letranger-ou-venez-de-letranger-en-france\/\" >\n\t\t\t\tVous voyagez \u00e0 l&rsquo;\u00e9tranger, ou venez de l&rsquo;\u00e9tranger en France\t\t\t<\/a>\n\t\t<\/h2>\n\t\t\t\t<div class=\"elementor-post__excerpt\">\n\t\t\t<p>\ud83d\udc49 Restez Connect\u00e9 avec Saily eSIM \ud83d\udcf1 Notre partenariat avec Saily, la solution eSIM r\u00e9volutionnaire est l\u00e0 pour vous faciliter la vie. Cette innovation technologique<\/p>\n\t\t<\/div>\n\t\t\t\t<\/div>\n\t\t\t\t\t<\/div>\n\t\t<\/article>\n\t\t\t\t<article class=\"elementor-post elementor-grid-item post-1201 post type-post status-publish format-standard has-post-thumbnail hentry category-hotelier\">\n\t\t\t<div class=\"elementor-post__card\">\n\t\t\t\t<a class=\"elementor-post__thumbnail__link\" href=\"https:\/\/nilyatravel.com\/en\/les-10-erreurs-courantes-en-marketing-digital-et-comment-les-eviter\/\" tabindex=\"-1\" ><div class=\"elementor-post__thumbnail\"><img decoding=\"async\" width=\"200\" height=\"300\" src=\"https:\/\/nilyatravel.com\/wp-content\/uploads\/2025\/04\/6641e8302a9fce4ae7dc76b9_les-10-erreurs-de-marketing-digital-les-plus-courantes-200x300.webp\" class=\"attachment-medium size-medium wp-image-1202\" alt=\"\" srcset=\"https:\/\/nilyatravel.com\/wp-content\/uploads\/2025\/04\/6641e8302a9fce4ae7dc76b9_les-10-erreurs-de-marketing-digital-les-plus-courantes-200x300.webp 200w, https:\/\/nilyatravel.com\/wp-content\/uploads\/2025\/04\/6641e8302a9fce4ae7dc76b9_les-10-erreurs-de-marketing-digital-les-plus-courantes-683x1024.webp 683w, https:\/\/nilyatravel.com\/wp-content\/uploads\/2025\/04\/6641e8302a9fce4ae7dc76b9_les-10-erreurs-de-marketing-digital-les-plus-courantes-768x1152.webp 768w, https:\/\/nilyatravel.com\/wp-content\/uploads\/2025\/04\/6641e8302a9fce4ae7dc76b9_les-10-erreurs-de-marketing-digital-les-plus-courantes-1024x1536.webp 1024w, https:\/\/nilyatravel.com\/wp-content\/uploads\/2025\/04\/6641e8302a9fce4ae7dc76b9_les-10-erreurs-de-marketing-digital-les-plus-courantes-1365x2048.webp 1365w, https:\/\/nilyatravel.com\/wp-content\/uploads\/2025\/04\/6641e8302a9fce4ae7dc76b9_les-10-erreurs-de-marketing-digital-les-plus-courantes-600x900.webp 600w, https:\/\/nilyatravel.com\/wp-content\/uploads\/2025\/04\/6641e8302a9fce4ae7dc76b9_les-10-erreurs-de-marketing-digital-les-plus-courantes-scaled.webp 1707w\" sizes=\"(max-width: 200px) 100vw, 200px\" \/><\/div><\/a>\n\t\t\t\t<div class=\"elementor-post__badge\">H\u00f4telier<\/div>\n\t\t\t\t<div class=\"elementor-post__text\">\n\t\t\t\t<h2 class=\"elementor-post__title\">\n\t\t\t<a href=\"https:\/\/nilyatravel.com\/en\/les-10-erreurs-courantes-en-marketing-digital-et-comment-les-eviter\/\" >\n\t\t\t\tLes 10 erreurs courantes en marketing digital et comment les \u00e9viter\t\t\t<\/a>\n\t\t<\/h2>\n\t\t\t\t<div class=\"elementor-post__excerpt\">\n\t\t\t<p>Dans un monde de plus en plus digitalis\u00e9, une strat\u00e9gie marketing efficace est essentielle pour atteindre vos objectifs. Cependant, des erreurs fr\u00e9quentes peuvent compromettre vos<\/p>\n\t\t<\/div>\n\t\t\t\t<\/div>\n\t\t\t\t\t<\/div>\n\t\t<\/article>\n\t\t\t\t<article class=\"elementor-post elementor-grid-item post-1197 post type-post status-publish format-standard has-post-thumbnail hentry category-digital-nomad\">\n\t\t\t<div class=\"elementor-post__card\">\n\t\t\t\t<a class=\"elementor-post__thumbnail__link\" href=\"https:\/\/nilyatravel.com\/en\/quest-ce-quun-digital-nomad\/\" tabindex=\"-1\" ><div class=\"elementor-post__thumbnail\"><img loading=\"lazy\" decoding=\"async\" width=\"300\" height=\"200\" src=\"https:\/\/nilyatravel.com\/wp-content\/uploads\/2025\/04\/66389d49906d94f91ef79f78_quest-ce-quun-digital-nomad-300x200.webp\" class=\"attachment-medium size-medium wp-image-1198\" alt=\"\" srcset=\"https:\/\/nilyatravel.com\/wp-content\/uploads\/2025\/04\/66389d49906d94f91ef79f78_quest-ce-quun-digital-nomad-300x200.webp 300w, https:\/\/nilyatravel.com\/wp-content\/uploads\/2025\/04\/66389d49906d94f91ef79f78_quest-ce-quun-digital-nomad-1024x683.webp 1024w, https:\/\/nilyatravel.com\/wp-content\/uploads\/2025\/04\/66389d49906d94f91ef79f78_quest-ce-quun-digital-nomad-768x512.webp 768w, https:\/\/nilyatravel.com\/wp-content\/uploads\/2025\/04\/66389d49906d94f91ef79f78_quest-ce-quun-digital-nomad-1536x1024.webp 1536w, https:\/\/nilyatravel.com\/wp-content\/uploads\/2025\/04\/66389d49906d94f91ef79f78_quest-ce-quun-digital-nomad-600x400.webp 600w, https:\/\/nilyatravel.com\/wp-content\/uploads\/2025\/04\/66389d49906d94f91ef79f78_quest-ce-quun-digital-nomad.webp 1920w\" sizes=\"(max-width: 300px) 100vw, 300px\" \/><\/div><\/a>\n\t\t\t\t<div class=\"elementor-post__badge\">Digital Nomad<\/div>\n\t\t\t\t<div class=\"elementor-post__text\">\n\t\t\t\t<h2 class=\"elementor-post__title\">\n\t\t\t<a href=\"https:\/\/nilyatravel.com\/en\/quest-ce-quun-digital-nomad\/\" >\n\t\t\t\tQu\u2019est ce qu\u2019un digital nomad ?\t\t\t<\/a>\n\t\t<\/h2>\n\t\t\t\t<div class=\"elementor-post__excerpt\">\n\t\t\t<p>Le monde du travail est en constante \u00e9volution, et de nouveaux modes de travail voient le jour. L\u2019un des concepts \u00e9mergents est celui du Digital<\/p>\n\t\t<\/div>\n\t\t\t\t<\/div>\n\t\t\t\t\t<\/div>\n\t\t<\/article>\n\t\t\t\t<article class=\"elementor-post elementor-grid-item post-1193 post type-post status-publish format-standard has-post-thumbnail hentry category-digital-nomad\">\n\t\t\t<div class=\"elementor-post__card\">\n\t\t\t\t<a class=\"elementor-post__thumbnail__link\" href=\"https:\/\/nilyatravel.com\/en\/quels-sont-les-avantages-de-la-vie-dun-digital-nomad\/\" tabindex=\"-1\" ><div class=\"elementor-post__thumbnail\"><img loading=\"lazy\" decoding=\"async\" width=\"300\" height=\"200\" src=\"https:\/\/nilyatravel.com\/wp-content\/uploads\/2025\/04\/6638fa219d577e1a503ad986_avantages-digital-nomad-300x200.jpg\" class=\"attachment-medium size-medium wp-image-1194\" alt=\"\" srcset=\"https:\/\/nilyatravel.com\/wp-content\/uploads\/2025\/04\/6638fa219d577e1a503ad986_avantages-digital-nomad-300x200.jpg 300w, https:\/\/nilyatravel.com\/wp-content\/uploads\/2025\/04\/6638fa219d577e1a503ad986_avantages-digital-nomad-1024x683.jpg 1024w, https:\/\/nilyatravel.com\/wp-content\/uploads\/2025\/04\/6638fa219d577e1a503ad986_avantages-digital-nomad-768x512.jpg 768w, https:\/\/nilyatravel.com\/wp-content\/uploads\/2025\/04\/6638fa219d577e1a503ad986_avantages-digital-nomad-1536x1024.jpg 1536w, https:\/\/nilyatravel.com\/wp-content\/uploads\/2025\/04\/6638fa219d577e1a503ad986_avantages-digital-nomad-2048x1365.jpg 2048w, https:\/\/nilyatravel.com\/wp-content\/uploads\/2025\/04\/6638fa219d577e1a503ad986_avantages-digital-nomad-600x400.jpg 600w\" sizes=\"(max-width: 300px) 100vw, 300px\" \/><\/div><\/a>\n\t\t\t\t<div class=\"elementor-post__badge\">Digital Nomad<\/div>\n\t\t\t\t<div class=\"elementor-post__text\">\n\t\t\t\t<h2 class=\"elementor-post__title\">\n\t\t\t<a href=\"https:\/\/nilyatravel.com\/en\/quels-sont-les-avantages-de-la-vie-dun-digital-nomad\/\" >\n\t\t\t\tQuels sont les avantages de la vie d\u2019un Digital Nomad ?\t\t\t<\/a>\n\t\t<\/h2>\n\t\t\t\t<div class=\"elementor-post__excerpt\">\n\t\t\t<p>Le mode de vie des digital nomads, \u00e9galement appel\u00e9s nomades num\u00e9riques, conna\u00eet une mont\u00e9e en popularit\u00e9 ces derni\u00e8res ann\u00e9es et en particulier post-covid. Ces individus<\/p>\n\t\t<\/div>\n\t\t\t\t<\/div>\n\t\t\t\t\t<\/div>\n\t\t<\/article>\n\t\t\t\t<article class=\"elementor-post elementor-grid-item post-1190 post type-post status-publish format-standard has-post-thumbnail hentry category-hotelier\">\n\t\t\t<div class=\"elementor-post__card\">\n\t\t\t\t<a class=\"elementor-post__thumbnail__link\" href=\"https:\/\/nilyatravel.com\/en\/la-strategie-marketing-digitale-pour-le-secteur-hotelier\/\" tabindex=\"-1\" ><div class=\"elementor-post__thumbnail\"><img loading=\"lazy\" decoding=\"async\" width=\"300\" height=\"169\" src=\"https:\/\/nilyatravel.com\/wp-content\/uploads\/2025\/04\/6638a0393029de44c5b1b577_strategie-marketing-digital-hoteliers-300x169.webp\" class=\"attachment-medium size-medium wp-image-1191\" alt=\"\" srcset=\"https:\/\/nilyatravel.com\/wp-content\/uploads\/2025\/04\/6638a0393029de44c5b1b577_strategie-marketing-digital-hoteliers-300x169.webp 300w, https:\/\/nilyatravel.com\/wp-content\/uploads\/2025\/04\/6638a0393029de44c5b1b577_strategie-marketing-digital-hoteliers-1024x576.webp 1024w, https:\/\/nilyatravel.com\/wp-content\/uploads\/2025\/04\/6638a0393029de44c5b1b577_strategie-marketing-digital-hoteliers-768x432.webp 768w, https:\/\/nilyatravel.com\/wp-content\/uploads\/2025\/04\/6638a0393029de44c5b1b577_strategie-marketing-digital-hoteliers-1536x864.webp 1536w, https:\/\/nilyatravel.com\/wp-content\/uploads\/2025\/04\/6638a0393029de44c5b1b577_strategie-marketing-digital-hoteliers-600x338.webp 600w, https:\/\/nilyatravel.com\/wp-content\/uploads\/2025\/04\/6638a0393029de44c5b1b577_strategie-marketing-digital-hoteliers.webp 1920w\" sizes=\"(max-width: 300px) 100vw, 300px\" \/><\/div><\/a>\n\t\t\t\t<div class=\"elementor-post__badge\">H\u00f4telier<\/div>\n\t\t\t\t<div class=\"elementor-post__text\">\n\t\t\t\t<h2 class=\"elementor-post__title\">\n\t\t\t<a href=\"https:\/\/nilyatravel.com\/en\/la-strategie-marketing-digitale-pour-le-secteur-hotelier\/\" >\n\t\t\t\tLa strat\u00e9gie marketing digitale pour le secteur h\u00f4telier\t\t\t<\/a>\n\t\t<\/h2>\n\t\t\t\t<div class=\"elementor-post__excerpt\">\n\t\t\t<p>Dans l&rsquo;\u00e8re actuelle, le marketing digital est devenu un pilier essentiel pour les h\u00f4tels, offrant une voie pour se d\u00e9marquer dans un march\u00e9 concurrentiel tout<\/p>\n\t\t<\/div>\n\t\t\t\t<\/div>\n\t\t\t\t\t<\/div>\n\t\t<\/article>\n\t\t\t\t<\/div>\n\t\t\n\t\t\t\t\t\t<\/div>\n\t\t\t\t<\/div>\n\t\t\t\t\t<\/div>\n\t\t\t\t<\/div>\n\t\t\t\t<\/div>","protected":false},"excerpt":{"rendered":"<p>Nos articles de blog D\u00e9couvrez tous nos articles pour en savoir plus sur la vie de digitale nomade ainsi que les astuces pour optimiser vos voyages.<\/p>","protected":false},"author":1,"featured_media":0,"parent":0,"menu_order":0,"comment_status":"closed","ping_status":"closed","template":"","meta":{"footnotes":""},"class_list":["post-958","page","type-page","status-publish","hentry"],"yoast_head":"<!-- This site is optimized with the Yoast SEO plugin v27.2 - https:\/\/yoast.com\/product\/yoast-seo-wordpress\/ -->\n<title>Blog - Nilya Travel<\/title>\n<meta name=\"description\" content=\"Stay inspired with Nilya Travel&#039;s blog! Explore tips, guides, and stories for digital nomads and remote workers living and working in France.\" \/>\n<meta name=\"robots\" content=\"index, follow, max-snippet:-1, max-image-preview:large, max-video-preview:-1\" \/>\n<link rel=\"canonical\" href=\"https:\/\/nilyatravel.com\/en\/blog\/\" \/>\n<meta property=\"og:locale\" content=\"en_US\" \/>\n<meta property=\"og:type\" content=\"article\" \/>\n<meta property=\"og:title\" content=\"Blog - Nilya Travel\" \/>\n<meta property=\"og:description\" content=\"Stay inspired with Nilya Travel&#039;s blog! Explore tips, guides, and stories for digital nomads and remote workers living and working in France.\" \/>\n<meta property=\"og:url\" content=\"https:\/\/nilyatravel.com\/en\/blog\/\" \/>\n<meta property=\"og:site_name\" content=\"Nilya Travel\" \/>\n<meta property=\"article:publisher\" content=\"https:\/\/www.facebook.com\/nilyatravel\/\" \/>\n<meta property=\"article:modified_time\" content=\"2025-04-25T14:28:21+00:00\" \/>\n<meta name=\"twitter:card\" content=\"summary_large_image\" \/>\n<meta name=\"twitter:site\" content=\"@nilyatravel\" \/>\n<meta name=\"twitter:label1\" content=\"Est. reading time\" \/>\n\t<meta name=\"twitter:data1\" content=\"1 minute\" \/>\n<script type=\"application\/ld+json\" class=\"yoast-schema-graph\">{\"@context\":\"https:\/\/schema.org\",\"@graph\":[{\"@type\":\"WebPage\",\"@id\":\"https:\/\/nilyatravel.com\/blog\/\",\"url\":\"https:\/\/nilyatravel.com\/blog\/\",\"name\":\"Blog - Nilya Travel\",\"isPartOf\":{\"@id\":\"https:\/\/nilyatravel.com\/#website\"},\"datePublished\":\"2025-03-06T10:17:44+00:00\",\"dateModified\":\"2025-04-25T14:28:21+00:00\",\"description\":\"Stay inspired with Nilya Travel's blog! Explore tips, guides, and stories for digital nomads and remote workers living and working in France.\",\"breadcrumb\":{\"@id\":\"https:\/\/nilyatravel.com\/blog\/#breadcrumb\"},\"inLanguage\":\"en-US\",\"potentialAction\":[{\"@type\":\"ReadAction\",\"target\":[\"https:\/\/nilyatravel.com\/blog\/\"]}]},{\"@type\":\"BreadcrumbList\",\"@id\":\"https:\/\/nilyatravel.com\/blog\/#breadcrumb\",\"itemListElement\":[{\"@type\":\"ListItem\",\"position\":1,\"name\":\"Home\",\"item\":\"https:\/\/nilyatravel.com\/\"},{\"@type\":\"ListItem\",\"position\":2,\"name\":\"Blog\"}]},{\"@type\":\"WebSite\",\"@id\":\"https:\/\/nilyatravel.com\/#website\",\"url\":\"https:\/\/nilyatravel.com\/\",\"name\":\"Nilya Travel\",\"description\":\"\",\"publisher\":{\"@id\":\"https:\/\/nilyatravel.com\/#organization\"},\"potentialAction\":[{\"@type\":\"SearchAction\",\"target\":{\"@type\":\"EntryPoint\",\"urlTemplate\":\"https:\/\/nilyatravel.com\/?s={search_term_string}\"},\"query-input\":{\"@type\":\"PropertyValueSpecification\",\"valueRequired\":true,\"valueName\":\"search_term_string\"}}],\"inLanguage\":\"en-US\"},{\"@type\":\"Organization\",\"@id\":\"https:\/\/nilyatravel.com\/#organization\",\"name\":\"Nilya Travel\",\"url\":\"https:\/\/nilyatravel.com\/\",\"logo\":{\"@type\":\"ImageObject\",\"inLanguage\":\"en-US\",\"@id\":\"https:\/\/nilyatravel.com\/#\/schema\/logo\/image\/\",\"url\":\"https:\/\/nilyatravel.com\/wp-content\/uploads\/2025\/02\/662a6030b674b313da8557da_nilya-travel_webclip-icon.png\",\"contentUrl\":\"https:\/\/nilyatravel.com\/wp-content\/uploads\/2025\/02\/662a6030b674b313da8557da_nilya-travel_webclip-icon.png\",\"width\":256,\"height\":256,\"caption\":\"Nilya Travel\"},\"image\":{\"@id\":\"https:\/\/nilyatravel.com\/#\/schema\/logo\/image\/\"},\"sameAs\":[\"https:\/\/www.facebook.com\/nilyatravel\/\",\"https:\/\/x.com\/nilyatravel\",\"https:\/\/www.instagram.com\/nilyatravel\/\",\"https:\/\/www.linkedin.com\/company\/nilya-travel\/\"]}]}<\/script>\n<!-- \/ Yoast SEO plugin. -->","yoast_head_json":{"title":"Blog - Nilya Travel","description":"Stay inspired with Nilya Travel's blog! Explore tips, guides, and stories for digital nomads and remote workers living and working in France.","robots":{"index":"index","follow":"follow","max-snippet":"max-snippet:-1","max-image-preview":"max-image-preview:large","max-video-preview":"max-video-preview:-1"},"canonical":"https:\/\/nilyatravel.com\/en\/blog\/","og_locale":"en_US","og_type":"article","og_title":"Blog - Nilya Travel","og_description":"Stay inspired with Nilya Travel's blog! Explore tips, guides, and stories for digital nomads and remote workers living and working in France.","og_url":"https:\/\/nilyatravel.com\/en\/blog\/","og_site_name":"Nilya Travel","article_publisher":"https:\/\/www.facebook.com\/nilyatravel\/","article_modified_time":"2025-04-25T14:28:21+00:00","twitter_card":"summary_large_image","twitter_site":"@nilyatravel","twitter_misc":{"Est. reading time":"1 minute"},"schema":{"@context":"https:\/\/schema.org","@graph":[{"@type":"WebPage","@id":"https:\/\/nilyatravel.com\/blog\/","url":"https:\/\/nilyatravel.com\/blog\/","name":"Blog - Nilya Travel","isPartOf":{"@id":"https:\/\/nilyatravel.com\/#website"},"datePublished":"2025-03-06T10:17:44+00:00","dateModified":"2025-04-25T14:28:21+00:00","description":"Stay inspired with Nilya Travel's blog! Explore tips, guides, and stories for digital nomads and remote workers living and working in France.","breadcrumb":{"@id":"https:\/\/nilyatravel.com\/blog\/#breadcrumb"},"inLanguage":"en-US","potentialAction":[{"@type":"ReadAction","target":["https:\/\/nilyatravel.com\/blog\/"]}]},{"@type":"BreadcrumbList","@id":"https:\/\/nilyatravel.com\/blog\/#breadcrumb","itemListElement":[{"@type":"ListItem","position":1,"name":"Home","item":"https:\/\/nilyatravel.com\/"},{"@type":"ListItem","position":2,"name":"Blog"}]},{"@type":"WebSite","@id":"https:\/\/nilyatravel.com\/#website","url":"https:\/\/nilyatravel.com\/","name":"Nilya Travel","description":"","publisher":{"@id":"https:\/\/nilyatravel.com\/#organization"},"potentialAction":[{"@type":"SearchAction","target":{"@type":"EntryPoint","urlTemplate":"https:\/\/nilyatravel.com\/?s={search_term_string}"},"query-input":{"@type":"PropertyValueSpecification","valueRequired":true,"valueName":"search_term_string"}}],"inLanguage":"en-US"},{"@type":"Organization","@id":"https:\/\/nilyatravel.com\/#organization","name":"Nilya Travel","url":"https:\/\/nilyatravel.com\/","logo":{"@type":"ImageObject","inLanguage":"en-US","@id":"https:\/\/nilyatravel.com\/#\/schema\/logo\/image\/","url":"https:\/\/nilyatravel.com\/wp-content\/uploads\/2025\/02\/662a6030b674b313da8557da_nilya-travel_webclip-icon.png","contentUrl":"https:\/\/nilyatravel.com\/wp-content\/uploads\/2025\/02\/662a6030b674b313da8557da_nilya-travel_webclip-icon.png","width":256,"height":256,"caption":"Nilya Travel"},"image":{"@id":"https:\/\/nilyatravel.com\/#\/schema\/logo\/image\/"},"sameAs":["https:\/\/www.facebook.com\/nilyatravel\/","https:\/\/x.com\/nilyatravel","https:\/\/www.instagram.com\/nilyatravel\/","https:\/\/www.linkedin.com\/company\/nilya-travel\/"]}]}},"_links":{"self":[{"href":"https:\/\/nilyatravel.com\/en\/wp-json\/wp\/v2\/pages\/958","targetHints":{"allow":["GET"]}}],"collection":[{"href":"https:\/\/nilyatravel.com\/en\/wp-json\/wp\/v2\/pages"}],"about":[{"href":"https:\/\/nilyatravel.com\/en\/wp-json\/wp\/v2\/types\/page"}],"author":[{"embeddable":true,"href":"https:\/\/nilyatravel.com\/en\/wp-json\/wp\/v2\/users\/1"}],"replies":[{"embeddable":true,"href":"https:\/\/nilyatravel.com\/en\/wp-json\/wp\/v2\/comments?post=958"}],"version-history":[{"count":13,"href":"https:\/\/nilyatravel.com\/en\/wp-json\/wp\/v2\/pages\/958\/revisions"}],"predecessor-version":[{"id":1209,"href":"https:\/\/nilyatravel.com\/en\/wp-json\/wp\/v2\/pages\/958\/revisions\/1209"}],"wp:attachment":[{"href":"https:\/\/nilyatravel.com\/en\/wp-json\/wp\/v2\/media?parent=958"}],"curies":[{"name":"wp","href":"https:\/\/api.w.org\/{rel}","templated":true}]}}