{"id":601,"date":"2025-03-03T08:04:19","date_gmt":"2025-03-03T08:04:19","guid":{"rendered":"https:\/\/nilyatravel.com\/?post_type=product&#038;p=601"},"modified":"2025-03-03T08:21:00","modified_gmt":"2025-03-03T08:21:00","slug":"domaine-le-vaxergues","status":"publish","type":"product","link":"https:\/\/nilyatravel.com\/en\/product\/domaine-le-vaxergues\/","title":{"rendered":"Domaine le Vaxergues"},"content":{"rendered":"<p>Information destination: L\u2019Aveyron, au c\u0153ur de l\u2019Occitanie, est un refuge id\u00e9al pour les digital nomads en qu\u00eate de tranquillit\u00e9 et d\u2019inspiration. Nature pr\u00e9serv\u00e9e, co\u00fbt de la vie abordable, connexion fiable et espaces de coworking atypiques en font une destination parfaite pour allier travail et d\u00e9couverte. \ud83d\udd39 Incontournables \u00e0 visiter : \ud83d\udccd Conques \u2013 Village m\u00e9di\u00e9val class\u00e9. \ud83d\udccd Millau &amp; Gorges du Tarn \u2013 Aventure et paysages spectaculaires. \ud83d\udccd Laguiole &amp; Aubrac \u2013 Terroir et grands espaces. Un cadre authentique pour travailler autrement, au rythme de la nature. \ud83c\udf0d\u2728<\/p>","protected":false},"excerpt":{"rendered":"<p>Chaque g\u00eete est \u00e9quip\u00e9 d\u2019un espace de travail avec connexion Wi-Fi haut d\u00e9bit, parfait pour conjuguer t\u00e9l\u00e9travail et \u00e9vasion.<\/p>","protected":false},"featured_media":585,"comment_status":"open","ping_status":"closed","template":"","meta":[],"product_brand":[],"product_cat":[36],"product_tag":[],"class_list":{"0":"post-601","1":"product","2":"type-product","3":"status-publish","4":"has-post-thumbnail","6":"product_cat-domaine-le-vaxergues","8":"first","9":"instock","10":"virtual","11":"purchasable","12":"product-type-simple"},"yoast_head":"<!-- This site is optimized with the Yoast SEO plugin v27.4 - https:\/\/yoast.com\/product\/yoast-seo-wordpress\/ -->\n<title>Domaine le Vaxergues - Nilya Travel<\/title>\n<meta name=\"robots\" content=\"index, follow, max-snippet:-1, max-image-preview:large, max-video-preview:-1\" \/>\n<link rel=\"canonical\" href=\"https:\/\/nilyatravel.com\/en\/product\/domaine-le-vaxergues\/\" \/>\n<meta property=\"og:locale\" content=\"en_US\" \/>\n<meta property=\"og:type\" content=\"article\" \/>\n<meta property=\"og:title\" content=\"Domaine le Vaxergues - Nilya Travel\" \/>\n<meta property=\"og:description\" content=\"Chaque g\u00eete est \u00e9quip\u00e9 d\u2019un espace de travail avec connexion Wi-Fi haut d\u00e9bit, parfait pour conjuguer t\u00e9l\u00e9travail et \u00e9vasion.\" \/>\n<meta property=\"og:url\" content=\"https:\/\/nilyatravel.com\/en\/product\/domaine-le-vaxergues\/\" \/>\n<meta property=\"og:site_name\" content=\"Nilya Travel\" \/>\n<meta property=\"article:publisher\" content=\"https:\/\/www.facebook.com\/nilyatravel\/\" \/>\n<meta property=\"article:modified_time\" content=\"2025-03-03T08:21:00+00:00\" \/>\n<meta property=\"og:image\" content=\"https:\/\/nilyatravel.com\/wp-content\/uploads\/2025\/03\/677d4672d2b32673372afb1d_IMG_0236-p-1600.jpg\" \/>\n\t<meta property=\"og:image:width\" content=\"1600\" \/>\n\t<meta property=\"og:image:height\" content=\"1200\" \/>\n\t<meta property=\"og:image:type\" content=\"image\/jpeg\" \/>\n<meta name=\"twitter:card\" content=\"summary_large_image\" \/>\n<meta name=\"twitter:site\" content=\"@nilyatravel\" \/>\n<script type=\"application\/ld+json\" class=\"yoast-schema-graph\">{\"@context\":\"https:\\\/\\\/schema.org\",\"@graph\":[{\"@type\":\"WebPage\",\"@id\":\"https:\\\/\\\/nilyatravel.com\\\/product\\\/domaine-le-vaxergues\\\/\",\"url\":\"https:\\\/\\\/nilyatravel.com\\\/product\\\/domaine-le-vaxergues\\\/\",\"name\":\"Domaine le Vaxergues - Nilya Travel\",\"isPartOf\":{\"@id\":\"https:\\\/\\\/nilyatravel.com\\\/#website\"},\"primaryImageOfPage\":{\"@id\":\"https:\\\/\\\/nilyatravel.com\\\/product\\\/domaine-le-vaxergues\\\/#primaryimage\"},\"image\":{\"@id\":\"https:\\\/\\\/nilyatravel.com\\\/product\\\/domaine-le-vaxergues\\\/#primaryimage\"},\"thumbnailUrl\":\"https:\\\/\\\/nilyatravel.com\\\/wp-content\\\/uploads\\\/2025\\\/03\\\/677d4672d2b32673372afb1d_IMG_0236-p-1600.jpg\",\"datePublished\":\"2025-03-03T08:04:19+00:00\",\"dateModified\":\"2025-03-03T08:21:00+00:00\",\"breadcrumb\":{\"@id\":\"https:\\\/\\\/nilyatravel.com\\\/product\\\/domaine-le-vaxergues\\\/#breadcrumb\"},\"inLanguage\":\"en-US\",\"potentialAction\":[{\"@type\":\"ReadAction\",\"target\":[\"https:\\\/\\\/nilyatravel.com\\\/product\\\/domaine-le-vaxergues\\\/\"]}]},{\"@type\":\"ImageObject\",\"inLanguage\":\"en-US\",\"@id\":\"https:\\\/\\\/nilyatravel.com\\\/product\\\/domaine-le-vaxergues\\\/#primaryimage\",\"url\":\"https:\\\/\\\/nilyatravel.com\\\/wp-content\\\/uploads\\\/2025\\\/03\\\/677d4672d2b32673372afb1d_IMG_0236-p-1600.jpg\",\"contentUrl\":\"https:\\\/\\\/nilyatravel.com\\\/wp-content\\\/uploads\\\/2025\\\/03\\\/677d4672d2b32673372afb1d_IMG_0236-p-1600.jpg\",\"width\":1600,\"height\":1200},{\"@type\":\"BreadcrumbList\",\"@id\":\"https:\\\/\\\/nilyatravel.com\\\/product\\\/domaine-le-vaxergues\\\/#breadcrumb\",\"itemListElement\":[{\"@type\":\"ListItem\",\"position\":1,\"name\":\"Home\",\"item\":\"https:\\\/\\\/nilyatravel.com\\\/\"},{\"@type\":\"ListItem\",\"position\":2,\"name\":\"Products\",\"item\":\"https:\\\/\\\/nilyatravel.com\\\/shop\\\/\"},{\"@type\":\"ListItem\",\"position\":3,\"name\":\"Domaine le Vaxergues\"}]},{\"@type\":\"WebSite\",\"@id\":\"https:\\\/\\\/nilyatravel.com\\\/#website\",\"url\":\"https:\\\/\\\/nilyatravel.com\\\/\",\"name\":\"Nilya Travel\",\"description\":\"\",\"publisher\":{\"@id\":\"https:\\\/\\\/nilyatravel.com\\\/#organization\"},\"potentialAction\":[{\"@type\":\"SearchAction\",\"target\":{\"@type\":\"EntryPoint\",\"urlTemplate\":\"https:\\\/\\\/nilyatravel.com\\\/?s={search_term_string}\"},\"query-input\":{\"@type\":\"PropertyValueSpecification\",\"valueRequired\":true,\"valueName\":\"search_term_string\"}}],\"inLanguage\":\"en-US\"},{\"@type\":\"Organization\",\"@id\":\"https:\\\/\\\/nilyatravel.com\\\/#organization\",\"name\":\"Nilya Travel\",\"url\":\"https:\\\/\\\/nilyatravel.com\\\/\",\"logo\":{\"@type\":\"ImageObject\",\"inLanguage\":\"en-US\",\"@id\":\"https:\\\/\\\/nilyatravel.com\\\/#\\\/schema\\\/logo\\\/image\\\/\",\"url\":\"https:\\\/\\\/nilyatravel.com\\\/wp-content\\\/uploads\\\/2025\\\/02\\\/662a6030b674b313da8557da_nilya-travel_webclip-icon.png\",\"contentUrl\":\"https:\\\/\\\/nilyatravel.com\\\/wp-content\\\/uploads\\\/2025\\\/02\\\/662a6030b674b313da8557da_nilya-travel_webclip-icon.png\",\"width\":256,\"height\":256,\"caption\":\"Nilya Travel\"},\"image\":{\"@id\":\"https:\\\/\\\/nilyatravel.com\\\/#\\\/schema\\\/logo\\\/image\\\/\"},\"sameAs\":[\"https:\\\/\\\/www.facebook.com\\\/nilyatravel\\\/\",\"https:\\\/\\\/x.com\\\/nilyatravel\",\"https:\\\/\\\/www.instagram.com\\\/nilyatravel\\\/\",\"https:\\\/\\\/www.linkedin.com\\\/company\\\/nilya-travel\\\/\"]}]}<\/script>\n<!-- \/ Yoast SEO plugin. -->","yoast_head_json":{"title":"Domaine le Vaxergues - Nilya Travel","robots":{"index":"index","follow":"follow","max-snippet":"max-snippet:-1","max-image-preview":"max-image-preview:large","max-video-preview":"max-video-preview:-1"},"canonical":"https:\/\/nilyatravel.com\/en\/product\/domaine-le-vaxergues\/","og_locale":"en_US","og_type":"article","og_title":"Domaine le Vaxergues - Nilya Travel","og_description":"Chaque g\u00eete est \u00e9quip\u00e9 d\u2019un espace de travail avec connexion Wi-Fi haut d\u00e9bit, parfait pour conjuguer t\u00e9l\u00e9travail et \u00e9vasion.","og_url":"https:\/\/nilyatravel.com\/en\/product\/domaine-le-vaxergues\/","og_site_name":"Nilya Travel","article_publisher":"https:\/\/www.facebook.com\/nilyatravel\/","article_modified_time":"2025-03-03T08:21:00+00:00","og_image":[{"width":1600,"height":1200,"url":"https:\/\/nilyatravel.com\/wp-content\/uploads\/2025\/03\/677d4672d2b32673372afb1d_IMG_0236-p-1600.jpg","type":"image\/jpeg"}],"twitter_card":"summary_large_image","twitter_site":"@nilyatravel","schema":{"@context":"https:\/\/schema.org","@graph":[{"@type":"WebPage","@id":"https:\/\/nilyatravel.com\/product\/domaine-le-vaxergues\/","url":"https:\/\/nilyatravel.com\/product\/domaine-le-vaxergues\/","name":"Domaine le Vaxergues - Nilya Travel","isPartOf":{"@id":"https:\/\/nilyatravel.com\/#website"},"primaryImageOfPage":{"@id":"https:\/\/nilyatravel.com\/product\/domaine-le-vaxergues\/#primaryimage"},"image":{"@id":"https:\/\/nilyatravel.com\/product\/domaine-le-vaxergues\/#primaryimage"},"thumbnailUrl":"https:\/\/nilyatravel.com\/wp-content\/uploads\/2025\/03\/677d4672d2b32673372afb1d_IMG_0236-p-1600.jpg","datePublished":"2025-03-03T08:04:19+00:00","dateModified":"2025-03-03T08:21:00+00:00","breadcrumb":{"@id":"https:\/\/nilyatravel.com\/product\/domaine-le-vaxergues\/#breadcrumb"},"inLanguage":"en-US","potentialAction":[{"@type":"ReadAction","target":["https:\/\/nilyatravel.com\/product\/domaine-le-vaxergues\/"]}]},{"@type":"ImageObject","inLanguage":"en-US","@id":"https:\/\/nilyatravel.com\/product\/domaine-le-vaxergues\/#primaryimage","url":"https:\/\/nilyatravel.com\/wp-content\/uploads\/2025\/03\/677d4672d2b32673372afb1d_IMG_0236-p-1600.jpg","contentUrl":"https:\/\/nilyatravel.com\/wp-content\/uploads\/2025\/03\/677d4672d2b32673372afb1d_IMG_0236-p-1600.jpg","width":1600,"height":1200},{"@type":"BreadcrumbList","@id":"https:\/\/nilyatravel.com\/product\/domaine-le-vaxergues\/#breadcrumb","itemListElement":[{"@type":"ListItem","position":1,"name":"Home","item":"https:\/\/nilyatravel.com\/"},{"@type":"ListItem","position":2,"name":"Products","item":"https:\/\/nilyatravel.com\/shop\/"},{"@type":"ListItem","position":3,"name":"Domaine le Vaxergues"}]},{"@type":"WebSite","@id":"https:\/\/nilyatravel.com\/#website","url":"https:\/\/nilyatravel.com\/","name":"Nilya Travel","description":"","publisher":{"@id":"https:\/\/nilyatravel.com\/#organization"},"potentialAction":[{"@type":"SearchAction","target":{"@type":"EntryPoint","urlTemplate":"https:\/\/nilyatravel.com\/?s={search_term_string}"},"query-input":{"@type":"PropertyValueSpecification","valueRequired":true,"valueName":"search_term_string"}}],"inLanguage":"en-US"},{"@type":"Organization","@id":"https:\/\/nilyatravel.com\/#organization","name":"Nilya Travel","url":"https:\/\/nilyatravel.com\/","logo":{"@type":"ImageObject","inLanguage":"en-US","@id":"https:\/\/nilyatravel.com\/#\/schema\/logo\/image\/","url":"https:\/\/nilyatravel.com\/wp-content\/uploads\/2025\/02\/662a6030b674b313da8557da_nilya-travel_webclip-icon.png","contentUrl":"https:\/\/nilyatravel.com\/wp-content\/uploads\/2025\/02\/662a6030b674b313da8557da_nilya-travel_webclip-icon.png","width":256,"height":256,"caption":"Nilya Travel"},"image":{"@id":"https:\/\/nilyatravel.com\/#\/schema\/logo\/image\/"},"sameAs":["https:\/\/www.facebook.com\/nilyatravel\/","https:\/\/x.com\/nilyatravel","https:\/\/www.instagram.com\/nilyatravel\/","https:\/\/www.linkedin.com\/company\/nilya-travel\/"]}]}},"_links":{"self":[{"href":"https:\/\/nilyatravel.com\/en\/wp-json\/wp\/v2\/product\/601","targetHints":{"allow":["GET"]}}],"collection":[{"href":"https:\/\/nilyatravel.com\/en\/wp-json\/wp\/v2\/product"}],"about":[{"href":"https:\/\/nilyatravel.com\/en\/wp-json\/wp\/v2\/types\/product"}],"replies":[{"embeddable":true,"href":"https:\/\/nilyatravel.com\/en\/wp-json\/wp\/v2\/comments?post=601"}],"version-history":[{"count":1,"href":"https:\/\/nilyatravel.com\/en\/wp-json\/wp\/v2\/product\/601\/revisions"}],"predecessor-version":[{"id":603,"href":"https:\/\/nilyatravel.com\/en\/wp-json\/wp\/v2\/product\/601\/revisions\/603"}],"wp:featuredmedia":[{"embeddable":true,"href":"https:\/\/nilyatravel.com\/en\/wp-json\/wp\/v2\/media\/585"}],"wp:attachment":[{"href":"https:\/\/nilyatravel.com\/en\/wp-json\/wp\/v2\/media?parent=601"}],"wp:term":[{"taxonomy":"product_brand","embeddable":true,"href":"https:\/\/nilyatravel.com\/en\/wp-json\/wp\/v2\/product_brand?post=601"},{"taxonomy":"product_cat","embeddable":true,"href":"https:\/\/nilyatravel.com\/en\/wp-json\/wp\/v2\/product_cat?post=601"},{"taxonomy":"product_tag","embeddable":true,"href":"https:\/\/nilyatravel.com\/en\/wp-json\/wp\/v2\/product_tag?post=601"}],"curies":[{"name":"wp","href":"https:\/\/api.w.org\/{rel}","templated":true}]}}